{"id":48,"date":"2020-05-21T11:10:38","date_gmt":"2020-05-21T11:10:38","guid":{"rendered":"https:\/\/laurentiwasiuta-video.com\/?page_id=48"},"modified":"2025-12-06T11:40:27","modified_gmt":"2025-12-06T09:40:27","slug":"contact","status":"publish","type":"page","link":"https:\/\/laurentiwasiuta-video.com\/?page_id=48","title":{"rendered":"Contact"},"content":{"rendered":"\n<main class=\"wp-block-group alignfull site-content is-layout-flow wp-block-group-is-layout-flow\" id=\"header\" style=\"margin-top:0\">\n<div class=\"wp-block-cover alignfull is-light\" style=\"padding-top:0px\"><img decoding=\"async\" class=\"wp-block-cover__image-background wp-image-7396\" alt=\"\" src=\"https:\/\/demo.wpzoom.com\/inspiro-lite-blocks-xml\/wp-content\/themes\/inspiro-lite\/assets\/images\/StockSnap_PT8C3EOE19.jpg\" data-object-fit=\"cover\"\/><span aria-hidden=\"true\" class=\"wp-block-cover__background has-black-background-color has-background-dim-40 has-background-dim\"><\/span><div class=\"wp-block-cover__inner-container is-layout-flow wp-block-cover-is-layout-flow\">\n<div class=\"wp-block-group is-style-default has-global-padding is-layout-constrained wp-block-group-is-layout-constrained\">\n<div style=\"height:251px\" aria-hidden=\"true\" class=\"wp-block-spacer\"><\/div>\n\n\n\n<h2 class=\"wp-block-heading has-text-align-center has-white-color has-text-color has-max-48-font-size\">Contact<\/h2>\n\n\n\n<div style=\"height:63px\" aria-hidden=\"true\" class=\"wp-block-spacer\"><\/div>\n<\/div>\n<\/div><\/div>\n<\/main>\n\n\n\n<div style=\"height:30px\" aria-hidden=\"true\" class=\"wp-block-spacer\"><\/div>\n\n\n\n<div class=\"wp-block-group has-global-padding is-layout-constrained wp-block-group-is-layout-constrained\">\n<div class=\"wp-block-columns are-vertically-aligned-top is-layout-flex wp-container-core-columns-is-layout-73042cfe wp-block-columns-is-layout-flex\" style=\"margin-top:0;margin-bottom:0;padding-top:0;padding-right:var(--wp--preset--spacing--small);padding-bottom:0;padding-left:var(--wp--preset--spacing--small)\">\n<div class=\"wp-block-column is-vertically-aligned-top is-layout-flow wp-block-column-is-layout-flow\">\n<div style=\"height:15px\" aria-hidden=\"true\" class=\"wp-block-spacer\"><\/div>\n\n\n\n<h3 class=\"wp-block-heading has-secondary-color has-text-color has-link-color wp-elements-3c66f17e58f9baf91527898f0c3ad1d4\" style=\"margin-top:0\">Restons en contact !<\/h3>\n\n\n\n<p class=\"has-white-color has-text-color has-link-color wp-elements-4fb0a63869a966098541b8c9054db58f\">Pr\u00eat(e) \u00e0 d\u00e9marrer votre prochain projet ?<br>Contactez moi \ud83d\ude42<\/p>\n\n\n\n<p class=\"has-white-color has-text-color has-link-color wp-elements-34f9fcc99c3fe3adc7a6c4ae9b9b7836\" style=\"margin-top:var(--wp--preset--spacing--x-small)\"><strong>Laurent IWASIUTA<\/strong><br>Lille &#8211; France &#8211; SIREN 879 978 575<br>T\u00e9l : 06 71 17 71 75<br><\/p>\n\n\n\n<iframe src=\"https:\/\/www.google.com\/maps\/embed?pb=!1m18!1m12!1m3!1d1074556.4009431205!2d2.501006016232259!3d50.528121853346725!2m3!1f0!2f0!3f0!3m2!1i1024!2i768!4f13.1!3m3!1m2!1s0x24b03ee03a3e7d25%3A0xa3d568942ddeb763!2sLaurent%20IWASIUTA%20-%20Photographe%20%26%20Vid%C3%A9aste!5e1!3m2!1sfr!2sus!4v1764188554626!5m2!1sfr!2sus\" width=\"400\" height=\"300\" style=\"border:0;\" allowfullscreen=\"\" loading=\"lazy\" referrerpolicy=\"no-referrer-when-downgrade\"><\/iframe>\n\n\n\n<div style=\"height:40px\" aria-hidden=\"true\" class=\"wp-block-spacer\"><\/div>\n<\/div>\n\n\n\n<div class=\"wp-block-column is-vertically-aligned-top has-white-color has-text-color has-link-color wp-elements-4e1ecd0d6b29c47f80299d5ea9555acb is-layout-flow wp-block-column-is-layout-flow\">\n<div style=\"height:10px\" aria-hidden=\"true\" class=\"wp-block-spacer\"><\/div>\n\n\n<style>#wpzf-444 + .notice { margin-top: 20px; padding: 15px; border-radius: 4px; }#wpzf-444 + .notice.success { background-color: #e7f7ed; color: #227045; border-left: 4px solid #46b450; }#wpzf-444 + .notice.error { background-color: #fde8e8; color: #8a1f11; border-left: 4px solid #cc0000; }#wpzf-444 + .notice p { margin: 0; }<\/style><!-- ZOOM Forms Start -->\n\t\t\t<form id=\"wpzf-444\" method=\"post\" action=\"https:\/\/laurentiwasiuta-video.com\/wp-admin\/admin-post.php\" class=\"wpzoom-forms_form\">\n\t\t\t<input type=\"hidden\" name=\"action\" value=\"wpzf_submit\" \/>\n\t\t\t<input type=\"hidden\" name=\"form_id\" value=\"444\" \/>\n\t\t\t<input type=\"hidden\" id=\"_wpnonce\" name=\"_wpnonce\" value=\"82ff24bb25\" \/><input type=\"hidden\" name=\"_wp_http_referer\" value=\"\/index.php?rest_route=%2Fwp%2Fv2%2Fpages%2F48\" \/>\n\t\t\t\n<div class=\"wp-block-wpzoom-forms-form\">\n<label for=\"input_ae87379b\"><span>NOM Pr\u00e9nom<\/span><sup class=\"wp-block-wpzoom-forms-required\">*<\/sup><\/label><input type=\"text\" name=\"wpzf_input_ae87379b\" id=\"input_ae87379b\" placeholder=\"\" required class=\"wp-block-wpzoom-forms-text-name-field is-style-modern\"\/>\n\n\n\n<label for=\"input_8468ae36\"><span>Email<\/span><sup class=\"wp-block-wpzoom-forms-required\">*<\/sup><\/label><input type=\"email\" name=\"wpzf_input_8468ae36\" id=\"input_8468ae36\" placeholder=\"\" required data-replyto=\"false\" class=\"wp-block-wpzoom-forms-text-email-field\"\/>\n\n\n\n<label for=\"input_d1d145f9\"><span>Phone<\/span><sup class=\"wp-block-wpzoom-forms-required\">*<\/sup><\/label><input type=\"tel\" name=\"wpzf_input_d1d145f9\" id=\"input_d1d145f9\" placeholder=\"\" required class=\"wp-block-wpzoom-forms-text-phone-field\"\/>\n\n\n\n<label for=\"input_7f6bf203\"><span>Message<\/span><sup class=\"wp-block-wpzoom-forms-required\">*<\/sup><\/label><textarea name=\"wpzf_input_7f6bf203\" id=\"input_7f6bf203\" cols=\"55\" rows=\"10\" placeholder=\"\" required class=\"wp-block-wpzoom-forms-textarea-field\"><\/textarea>\n\n\n\n<div class=\"wp-block-columns are-vertically-aligned-center\">\n<div class=\"wp-block-column\">\n<input   type=\"submit\" data-sitekey=\"6Lc4NxgsAAAAANMwoDsh2rFXaLemMcnvQtAMwYd0\" data-callback=\"wpzf_submit\" data-action=\"submit\" data-badge=\"bottomright\"  id=\"input_submit\" value=\"Envoyer\"  class=\"wp-block-wpzoom-forms-submit-field alignright g-recaptcha\"\/>\n<\/div>\n<\/div>\n\n\n\n<p class=\"has-text-align-right\" style=\"font-size:16px\">Les champs marqu\u00e9s d'un <strong class=\"has-accent-color has-text-color\">*<\/strong> sont obligatoires.<\/p>\n<\/div>\n\n\t\t\t<\/form>\n\t\t\t\n\t\t\t<!-- ZOOM Forms End -->\n<\/div>\n<\/div>\n<\/div>\n\n\n\n<div style=\"height:30px\" aria-hidden=\"true\" class=\"wp-block-spacer\"><\/div>\n","protected":false},"excerpt":{"rendered":"<p>Restons en contact ! Pr\u00eat(e) \u00e0 d\u00e9marrer votre prochain projet ?Contactez moi \ud83d\ude42 Laurent IWASIUTALille &#8211; France &#8211; SIREN 879 978 575T\u00e9l : 06 71 17 71 75<\/p>\n","protected":false},"author":1,"featured_media":0,"parent":0,"menu_order":0,"comment_status":"closed","ping_status":"closed","template":"page-templates\/full-width-transparent.php","meta":{"_vp_format_video_url":"","_vp_image_focal_point":[],"footnotes":""},"class_list":["post-48","page","type-page","status-publish","hentry"],"yoast_head":"<!-- This site is optimized with the Yoast SEO plugin v27.6 - https:\/\/yoast.com\/product\/yoast-seo-wordpress\/ -->\n<title>Contact | Laurent IWASIUTA<\/title>\n<meta name=\"description\" content=\"Entrepreneur photographe, vid\u00e9aste et t\u00e9l\u00e9pilote de drone pro, je m\u2019occupe de votre communication audiovisuelle en cr\u00e9ant des contenus pertinents afin de mettre en valeur votre entreprise, votre marque, votre projet, votre \u00e9v\u00e9nement\u2026\" \/>\n<meta name=\"robots\" content=\"index, follow, max-snippet:-1, max-image-preview:large, max-video-preview:-1\" \/>\n<link rel=\"canonical\" href=\"https:\/\/laurentiwasiuta-video.com\/?page_id=48\" \/>\n<meta property=\"og:locale\" content=\"fr_FR\" \/>\n<meta property=\"og:type\" content=\"article\" \/>\n<meta property=\"og:title\" content=\"Contact | Laurent IWASIUTA\" \/>\n<meta property=\"og:description\" content=\"Entrepreneur photographe, vid\u00e9aste et t\u00e9l\u00e9pilote de drone pro, je m\u2019occupe de votre communication audiovisuelle en cr\u00e9ant des contenus pertinents afin de mettre en valeur votre entreprise, votre marque, votre projet, votre \u00e9v\u00e9nement\u2026\" \/>\n<meta property=\"og:url\" content=\"https:\/\/laurentiwasiuta-video.com\/?page_id=48\" \/>\n<meta property=\"og:site_name\" content=\"Laurent IWASIUTA\" \/>\n<meta property=\"article:publisher\" content=\"https:\/\/www.facebook.com\/LaurentIWASIUTAVideaste\/\" \/>\n<meta property=\"article:modified_time\" content=\"2025-12-06T09:40:27+00:00\" \/>\n<meta property=\"og:image\" content=\"https:\/\/laurentiwasiuta-video.com\/wp-content\/uploads\/2025\/12\/Laurent_IWASIUTA_Prod_light-scaled.jpg\" \/>\n\t<meta property=\"og:image:width\" content=\"2560\" \/>\n\t<meta property=\"og:image:height\" content=\"1707\" \/>\n\t<meta property=\"og:image:type\" content=\"image\/jpeg\" \/>\n<meta name=\"twitter:card\" content=\"summary_large_image\" \/>\n<script type=\"application\/ld+json\" class=\"yoast-schema-graph\">{\"@context\":\"https:\\\/\\\/schema.org\",\"@graph\":[{\"@type\":\"WebPage\",\"@id\":\"https:\\\/\\\/laurentiwasiuta-video.com\\\/?page_id=48\",\"url\":\"https:\\\/\\\/laurentiwasiuta-video.com\\\/?page_id=48\",\"name\":\"Contact | Laurent IWASIUTA\",\"isPartOf\":{\"@id\":\"https:\\\/\\\/laurentiwasiuta-video.com\\\/#website\"},\"primaryImageOfPage\":{\"@id\":\"https:\\\/\\\/laurentiwasiuta-video.com\\\/?page_id=48#primaryimage\"},\"image\":{\"@id\":\"https:\\\/\\\/laurentiwasiuta-video.com\\\/?page_id=48#primaryimage\"},\"thumbnailUrl\":\"https:\\\/\\\/demo.wpzoom.com\\\/inspiro-lite-blocks-xml\\\/wp-content\\\/themes\\\/inspiro-lite\\\/assets\\\/images\\\/StockSnap_PT8C3EOE19.jpg\",\"datePublished\":\"2020-05-21T11:10:38+00:00\",\"dateModified\":\"2025-12-06T09:40:27+00:00\",\"description\":\"Entrepreneur photographe, vid\u00e9aste et t\u00e9l\u00e9pilote de drone pro, je m\u2019occupe de votre communication audiovisuelle en cr\u00e9ant des contenus pertinents afin de mettre en valeur votre entreprise, votre marque, votre projet, votre \u00e9v\u00e9nement\u2026\",\"breadcrumb\":{\"@id\":\"https:\\\/\\\/laurentiwasiuta-video.com\\\/?page_id=48#breadcrumb\"},\"inLanguage\":\"fr-FR\",\"potentialAction\":[{\"@type\":\"ReadAction\",\"target\":[\"https:\\\/\\\/laurentiwasiuta-video.com\\\/?page_id=48\"]}]},{\"@type\":\"ImageObject\",\"inLanguage\":\"fr-FR\",\"@id\":\"https:\\\/\\\/laurentiwasiuta-video.com\\\/?page_id=48#primaryimage\",\"url\":\"https:\\\/\\\/demo.wpzoom.com\\\/inspiro-lite-blocks-xml\\\/wp-content\\\/themes\\\/inspiro-lite\\\/assets\\\/images\\\/StockSnap_PT8C3EOE19.jpg\",\"contentUrl\":\"https:\\\/\\\/demo.wpzoom.com\\\/inspiro-lite-blocks-xml\\\/wp-content\\\/themes\\\/inspiro-lite\\\/assets\\\/images\\\/StockSnap_PT8C3EOE19.jpg\"},{\"@type\":\"BreadcrumbList\",\"@id\":\"https:\\\/\\\/laurentiwasiuta-video.com\\\/?page_id=48#breadcrumb\",\"itemListElement\":[{\"@type\":\"ListItem\",\"position\":1,\"name\":\"Accueil\",\"item\":\"https:\\\/\\\/laurentiwasiuta-video.com\\\/\"},{\"@type\":\"ListItem\",\"position\":2,\"name\":\"Contact\"}]},{\"@type\":\"WebSite\",\"@id\":\"https:\\\/\\\/laurentiwasiuta-video.com\\\/#website\",\"url\":\"https:\\\/\\\/laurentiwasiuta-video.com\\\/\",\"name\":\"Laurent IWASIUTA\uff5cPhotographe, vid\u00e9aste, t\u00e9l\u00e9pilote de drone\uff5cLille, Paris et autres..\",\"description\":\"Photographe, vid\u00e9aste, t\u00e9l\u00e9pilote de drone\uff5cLille, Paris et autres..\",\"publisher\":{\"@id\":\"https:\\\/\\\/laurentiwasiuta-video.com\\\/#organization\"},\"alternateName\":\"Laurent IWASIUTA - Photographe & Vid\u00e9aste \u00e0 Lille\",\"potentialAction\":[{\"@type\":\"SearchAction\",\"target\":{\"@type\":\"EntryPoint\",\"urlTemplate\":\"https:\\\/\\\/laurentiwasiuta-video.com\\\/?s={search_term_string}\"},\"query-input\":{\"@type\":\"PropertyValueSpecification\",\"valueRequired\":true,\"valueName\":\"search_term_string\"}}],\"inLanguage\":\"fr-FR\"},{\"@type\":\"Organization\",\"@id\":\"https:\\\/\\\/laurentiwasiuta-video.com\\\/#organization\",\"name\":\"Laurent IWASIUTA\",\"url\":\"https:\\\/\\\/laurentiwasiuta-video.com\\\/\",\"logo\":{\"@type\":\"ImageObject\",\"inLanguage\":\"fr-FR\",\"@id\":\"https:\\\/\\\/laurentiwasiuta-video.com\\\/#\\\/schema\\\/logo\\\/image\\\/\",\"url\":\"https:\\\/\\\/laurentiwasiuta-video.com\\\/wp-content\\\/uploads\\\/2020\\\/05\\\/logo.png\",\"contentUrl\":\"https:\\\/\\\/laurentiwasiuta-video.com\\\/wp-content\\\/uploads\\\/2020\\\/05\\\/logo.png\",\"width\":1000,\"height\":292,\"caption\":\"Laurent IWASIUTA\"},\"image\":{\"@id\":\"https:\\\/\\\/laurentiwasiuta-video.com\\\/#\\\/schema\\\/logo\\\/image\\\/\"},\"sameAs\":[\"https:\\\/\\\/www.facebook.com\\\/LaurentIWASIUTAVideaste\\\/\",\"https:\\\/\\\/www.instagram.com\\\/laurent.iwasiuta.video\\\/\",\"https:\\\/\\\/www.linkedin.com\\\/in\\\/laurent-iwasiuta-videaste\\\/\"]}]}<\/script>\n<!-- \/ Yoast SEO plugin. -->","yoast_head_json":{"title":"Contact | Laurent IWASIUTA","description":"Entrepreneur photographe, vid\u00e9aste et t\u00e9l\u00e9pilote de drone pro, je m\u2019occupe de votre communication audiovisuelle en cr\u00e9ant des contenus pertinents afin de mettre en valeur votre entreprise, votre marque, votre projet, votre \u00e9v\u00e9nement\u2026","robots":{"index":"index","follow":"follow","max-snippet":"max-snippet:-1","max-image-preview":"max-image-preview:large","max-video-preview":"max-video-preview:-1"},"canonical":"https:\/\/laurentiwasiuta-video.com\/?page_id=48","og_locale":"fr_FR","og_type":"article","og_title":"Contact | Laurent IWASIUTA","og_description":"Entrepreneur photographe, vid\u00e9aste et t\u00e9l\u00e9pilote de drone pro, je m\u2019occupe de votre communication audiovisuelle en cr\u00e9ant des contenus pertinents afin de mettre en valeur votre entreprise, votre marque, votre projet, votre \u00e9v\u00e9nement\u2026","og_url":"https:\/\/laurentiwasiuta-video.com\/?page_id=48","og_site_name":"Laurent IWASIUTA","article_publisher":"https:\/\/www.facebook.com\/LaurentIWASIUTAVideaste\/","article_modified_time":"2025-12-06T09:40:27+00:00","og_image":[{"width":2560,"height":1707,"url":"https:\/\/laurentiwasiuta-video.com\/wp-content\/uploads\/2025\/12\/Laurent_IWASIUTA_Prod_light-scaled.jpg","type":"image\/jpeg"}],"twitter_card":"summary_large_image","schema":{"@context":"https:\/\/schema.org","@graph":[{"@type":"WebPage","@id":"https:\/\/laurentiwasiuta-video.com\/?page_id=48","url":"https:\/\/laurentiwasiuta-video.com\/?page_id=48","name":"Contact | Laurent IWASIUTA","isPartOf":{"@id":"https:\/\/laurentiwasiuta-video.com\/#website"},"primaryImageOfPage":{"@id":"https:\/\/laurentiwasiuta-video.com\/?page_id=48#primaryimage"},"image":{"@id":"https:\/\/laurentiwasiuta-video.com\/?page_id=48#primaryimage"},"thumbnailUrl":"https:\/\/demo.wpzoom.com\/inspiro-lite-blocks-xml\/wp-content\/themes\/inspiro-lite\/assets\/images\/StockSnap_PT8C3EOE19.jpg","datePublished":"2020-05-21T11:10:38+00:00","dateModified":"2025-12-06T09:40:27+00:00","description":"Entrepreneur photographe, vid\u00e9aste et t\u00e9l\u00e9pilote de drone pro, je m\u2019occupe de votre communication audiovisuelle en cr\u00e9ant des contenus pertinents afin de mettre en valeur votre entreprise, votre marque, votre projet, votre \u00e9v\u00e9nement\u2026","breadcrumb":{"@id":"https:\/\/laurentiwasiuta-video.com\/?page_id=48#breadcrumb"},"inLanguage":"fr-FR","potentialAction":[{"@type":"ReadAction","target":["https:\/\/laurentiwasiuta-video.com\/?page_id=48"]}]},{"@type":"ImageObject","inLanguage":"fr-FR","@id":"https:\/\/laurentiwasiuta-video.com\/?page_id=48#primaryimage","url":"https:\/\/demo.wpzoom.com\/inspiro-lite-blocks-xml\/wp-content\/themes\/inspiro-lite\/assets\/images\/StockSnap_PT8C3EOE19.jpg","contentUrl":"https:\/\/demo.wpzoom.com\/inspiro-lite-blocks-xml\/wp-content\/themes\/inspiro-lite\/assets\/images\/StockSnap_PT8C3EOE19.jpg"},{"@type":"BreadcrumbList","@id":"https:\/\/laurentiwasiuta-video.com\/?page_id=48#breadcrumb","itemListElement":[{"@type":"ListItem","position":1,"name":"Accueil","item":"https:\/\/laurentiwasiuta-video.com\/"},{"@type":"ListItem","position":2,"name":"Contact"}]},{"@type":"WebSite","@id":"https:\/\/laurentiwasiuta-video.com\/#website","url":"https:\/\/laurentiwasiuta-video.com\/","name":"Laurent IWASIUTA\uff5cPhotographe, vid\u00e9aste, t\u00e9l\u00e9pilote de drone\uff5cLille, Paris et autres..","description":"Photographe, vid\u00e9aste, t\u00e9l\u00e9pilote de drone\uff5cLille, Paris et autres..","publisher":{"@id":"https:\/\/laurentiwasiuta-video.com\/#organization"},"alternateName":"Laurent IWASIUTA - Photographe & Vid\u00e9aste \u00e0 Lille","potentialAction":[{"@type":"SearchAction","target":{"@type":"EntryPoint","urlTemplate":"https:\/\/laurentiwasiuta-video.com\/?s={search_term_string}"},"query-input":{"@type":"PropertyValueSpecification","valueRequired":true,"valueName":"search_term_string"}}],"inLanguage":"fr-FR"},{"@type":"Organization","@id":"https:\/\/laurentiwasiuta-video.com\/#organization","name":"Laurent IWASIUTA","url":"https:\/\/laurentiwasiuta-video.com\/","logo":{"@type":"ImageObject","inLanguage":"fr-FR","@id":"https:\/\/laurentiwasiuta-video.com\/#\/schema\/logo\/image\/","url":"https:\/\/laurentiwasiuta-video.com\/wp-content\/uploads\/2020\/05\/logo.png","contentUrl":"https:\/\/laurentiwasiuta-video.com\/wp-content\/uploads\/2020\/05\/logo.png","width":1000,"height":292,"caption":"Laurent IWASIUTA"},"image":{"@id":"https:\/\/laurentiwasiuta-video.com\/#\/schema\/logo\/image\/"},"sameAs":["https:\/\/www.facebook.com\/LaurentIWASIUTAVideaste\/","https:\/\/www.instagram.com\/laurent.iwasiuta.video\/","https:\/\/www.linkedin.com\/in\/laurent-iwasiuta-videaste\/"]}]}},"featured_media_urls":[],"_links":{"self":[{"href":"https:\/\/laurentiwasiuta-video.com\/index.php?rest_route=\/wp\/v2\/pages\/48","targetHints":{"allow":["GET"]}}],"collection":[{"href":"https:\/\/laurentiwasiuta-video.com\/index.php?rest_route=\/wp\/v2\/pages"}],"about":[{"href":"https:\/\/laurentiwasiuta-video.com\/index.php?rest_route=\/wp\/v2\/types\/page"}],"author":[{"embeddable":true,"href":"https:\/\/laurentiwasiuta-video.com\/index.php?rest_route=\/wp\/v2\/users\/1"}],"replies":[{"embeddable":true,"href":"https:\/\/laurentiwasiuta-video.com\/index.php?rest_route=%2Fwp%2Fv2%2Fcomments&post=48"}],"version-history":[{"count":32,"href":"https:\/\/laurentiwasiuta-video.com\/index.php?rest_route=\/wp\/v2\/pages\/48\/revisions"}],"predecessor-version":[{"id":7950,"href":"https:\/\/laurentiwasiuta-video.com\/index.php?rest_route=\/wp\/v2\/pages\/48\/revisions\/7950"}],"wp:attachment":[{"href":"https:\/\/laurentiwasiuta-video.com\/index.php?rest_route=%2Fwp%2Fv2%2Fmedia&parent=48"}],"curies":[{"name":"wp","href":"https:\/\/api.w.org\/{rel}","templated":true}]}}