{"id":7431,"date":"2025-11-28T18:21:08","date_gmt":"2025-11-28T16:21:08","guid":{"rendered":"https:\/\/laurentiwasiuta-video.com\/intrepid\/?page_id=7431"},"modified":"2025-12-08T13:38:42","modified_gmt":"2025-12-08T11:38:42","slug":"drone","status":"publish","type":"page","link":"https:\/\/laurentiwasiuta-video.com\/?page_id=7431","title":{"rendered":"Drone"},"content":{"rendered":"\n<main class=\"wp-block-group alignfull site-content is-layout-flow wp-block-group-is-layout-flow\" id=\"header\" style=\"margin-top:0\">\n<div class=\"wp-block-cover alignfull\" style=\"padding-top:0px\"><img loading=\"lazy\" decoding=\"async\" width=\"1024\" height=\"576\" class=\"wp-block-cover__image-background wp-image-7439 size-large\" alt=\"\" src=\"https:\/\/laurentiwasiuta-video.com\/wp-content\/uploads\/2025\/11\/fyW9OYOe-bzTSrpH8-DJI-Mavic-3-Car-Drifting-09-1024x576.jpg\" style=\"object-position:51% 40%\" data-object-fit=\"cover\" data-object-position=\"51% 40%\" srcset=\"https:\/\/laurentiwasiuta-video.com\/wp-content\/uploads\/2025\/11\/fyW9OYOe-bzTSrpH8-DJI-Mavic-3-Car-Drifting-09-1024x576.jpg 1024w, https:\/\/laurentiwasiuta-video.com\/wp-content\/uploads\/2025\/11\/fyW9OYOe-bzTSrpH8-DJI-Mavic-3-Car-Drifting-09-300x169.jpg 300w, https:\/\/laurentiwasiuta-video.com\/wp-content\/uploads\/2025\/11\/fyW9OYOe-bzTSrpH8-DJI-Mavic-3-Car-Drifting-09-500x281.jpg 500w, https:\/\/laurentiwasiuta-video.com\/wp-content\/uploads\/2025\/11\/fyW9OYOe-bzTSrpH8-DJI-Mavic-3-Car-Drifting-09-800x450.jpg 800w, https:\/\/laurentiwasiuta-video.com\/wp-content\/uploads\/2025\/11\/fyW9OYOe-bzTSrpH8-DJI-Mavic-3-Car-Drifting-09-1280x720.jpg 1280w, https:\/\/laurentiwasiuta-video.com\/wp-content\/uploads\/2025\/11\/fyW9OYOe-bzTSrpH8-DJI-Mavic-3-Car-Drifting-09.jpg 1400w\" sizes=\"auto, (max-width: 1024px) 100vw, 1024px\" \/><span aria-hidden=\"true\" class=\"wp-block-cover__background has-black-background-color has-background-dim-40 has-background-dim\"><\/span><div class=\"wp-block-cover__inner-container is-layout-flow wp-block-cover-is-layout-flow\">\n<div class=\"wp-block-group is-style-default has-global-padding is-layout-constrained wp-block-group-is-layout-constrained\">\n<div style=\"height:251px\" aria-hidden=\"true\" class=\"wp-block-spacer\"><\/div>\n\n\n\n<h2 class=\"wp-block-heading has-text-align-center has-white-color has-text-color has-max-48-font-size\">Drone<\/h2>\n\n\n\n<div style=\"height:63px\" aria-hidden=\"true\" class=\"wp-block-spacer\"><\/div>\n<\/div>\n<\/div><\/div>\n<\/main>\n\n\n\n<div style=\"height:30px\" aria-hidden=\"true\" class=\"wp-block-spacer\"><\/div>\n\n\n\n<div class=\"wp-block-group is-content-justification-center is-nowrap is-layout-flex wp-container-core-group-is-layout-23441af8 wp-block-group-is-layout-flex\">\n<div class=\"wp-block-columns is-layout-flex wp-container-core-columns-is-layout-28f84493 wp-block-columns-is-layout-flex\">\n<div class=\"wp-block-column is-vertically-aligned-top has-global-padding is-content-justification-right is-layout-constrained wp-container-core-column-is-layout-0745a6d4 wp-block-column-is-layout-constrained\" style=\"padding-right:0;padding-left:0\">\n<div style=\"height:10px\" aria-hidden=\"true\" class=\"wp-block-spacer\"><\/div>\n\n\n\n<div class=\"wp-block-group zoom-hover has-global-padding is-layout-constrained wp-block-group-is-layout-constrained\">\n<figure class=\"wp-block-image aligncenter size-vp_sm is-style-rounded\" style=\"margin-right:0;margin-left:0\"><img loading=\"lazy\" decoding=\"async\" width=\"500\" height=\"500\" src=\"https:\/\/laurentiwasiuta-video.com\/wp-content\/uploads\/2025\/11\/lolo-drone-copie-2-500x500.jpg\" alt=\"\" class=\"wp-image-7438\" srcset=\"https:\/\/laurentiwasiuta-video.com\/wp-content\/uploads\/2025\/11\/lolo-drone-copie-2-500x500.jpg 500w, https:\/\/laurentiwasiuta-video.com\/wp-content\/uploads\/2025\/11\/lolo-drone-copie-2-300x300.jpg 300w, https:\/\/laurentiwasiuta-video.com\/wp-content\/uploads\/2025\/11\/lolo-drone-copie-2-1024x1024.jpg 1024w, https:\/\/laurentiwasiuta-video.com\/wp-content\/uploads\/2025\/11\/lolo-drone-copie-2-150x150.jpg 150w, https:\/\/laurentiwasiuta-video.com\/wp-content\/uploads\/2025\/11\/lolo-drone-copie-2-800x800.jpg 800w, https:\/\/laurentiwasiuta-video.com\/wp-content\/uploads\/2025\/11\/lolo-drone-copie-2-1280x1280.jpg 1280w, https:\/\/laurentiwasiuta-video.com\/wp-content\/uploads\/2025\/11\/lolo-drone-copie-2.jpg 1919w\" sizes=\"auto, (max-width: 500px) 100vw, 500px\" \/><\/figure>\n\n\n\n<div style=\"height:40px\" aria-hidden=\"true\" class=\"wp-block-spacer\"><\/div>\n<\/div>\n<\/div>\n\n\n\n<div class=\"wp-block-column has-global-padding is-layout-constrained wp-block-column-is-layout-constrained\">\n<div class=\"wp-block-group zoom-hover has-global-padding is-layout-constrained wp-block-group-is-layout-constrained\">\n<h2 class=\"wp-block-heading has-secondary-color has-text-color has-link-color wp-elements-6ca6abc22d5b28df75f26081b679b2d5\" style=\"font-size:clamp(18.959px, 1.185rem + ((1vw - 3.2px) * 0.977), 30px);\"><strong>T\u00e9l\u00e9pilote Professionnel Agr\u00e9\u00e9 DGAC<\/strong><\/h2>\n\n\n\n<p class=\"has-lightgrey-color has-text-color has-link-color wp-elements-e3b6d46b8b0d46eff590350a4966cb17\" style=\"font-size:clamp(14px, 0.875rem + ((1vw - 3.2px) * 0.088), 15px);\">En tant que t\u00e9l\u00e9pilote de drone <strong>professionnel agr\u00e9\u00e9 par la DGAC<\/strong>, je r\u00e9alise des prises de vue a\u00e9riennes de haute qualit\u00e9 pour valoriser vos projets et r\u00e9pondre \u00e0 vos besoins techniques ou cr\u00e9atifs.<br>Gr\u00e2ce \u00e0 un mat\u00e9riel performant et \u00e0 une parfaite ma\u00eetrise des r\u00e9glementations a\u00e9riennes, je vous accompagne sur tous types de missions, en toute s\u00e9curit\u00e9.<\/p>\n<\/div>\n\n\n\n<div style=\"height:30px\" aria-hidden=\"true\" class=\"wp-block-spacer\"><\/div>\n\n\n\n<div class=\"wp-block-group zoom-hover has-global-padding is-layout-constrained wp-block-group-is-layout-constrained\">\n<h4 class=\"wp-block-heading has-text-color has-link-color wp-elements-877ac7f66f1723335eddd3199d3b5435\" style=\"color:#0bb4aa\">\ud83c\udfa5 Vid\u00e9os a\u00e9riennes<\/h4>\n\n\n\n<p class=\"has-white-color has-text-color has-link-color has-x-small-font-size wp-elements-f1ebf2b85fa62c61b5c77c498b11196d\">Donnez une nouvelle dimension \u00e0 vos productions gr\u00e2ce \u00e0 des plans a\u00e9riens fluides, cin\u00e9matiques et percutants :<\/p>\n\n\n\n<ul class=\"wp-block-list\">\n<li class=\"has-white-color has-text-color has-link-color has-x-small-font-size wp-elements-e5e75ac7674cda5edee88573c5bf9e44\" style=\"line-height:1.4\">clips promotionnels<\/li>\n\n\n\n<li class=\"has-white-color has-text-color has-link-color has-x-small-font-size wp-elements-85a67e5a2452a625e9b1019fb40ea75a\" style=\"line-height:1.4\">films institutionnels<\/li>\n\n\n\n<li class=\"has-white-color has-text-color has-link-color has-x-small-font-size wp-elements-81f32cf3fdbff39c5c79712cca4af300\" style=\"line-height:1.4\">\u00e9v\u00e9nements<\/li>\n\n\n\n<li class=\"has-white-color has-text-color has-link-color has-x-small-font-size wp-elements-2e6a1ca513630b7ec12ec88ad3792281\" style=\"line-height:1.4\">reportages<\/li>\n<\/ul>\n<\/div>\n\n\n\n<div style=\"height:20px\" aria-hidden=\"true\" class=\"wp-block-spacer\"><\/div>\n\n\n\n<div class=\"wp-block-group zoom-hover has-global-padding is-layout-constrained wp-block-group-is-layout-constrained\">\n<h4 class=\"wp-block-heading has-text-color has-link-color wp-elements-8012712c8ff03ae22e444d19665014b0\" style=\"color:#0bb4aa\">\ud83d\udcf8 Photographies a\u00e9riennes<\/h4>\n\n\n\n<p class=\"has-white-color has-text-color has-link-color has-x-small-font-size wp-elements-73122f024e69e68cce6effec4f86370d\">Capturez la beaut\u00e9 de vos paysages, infrastructures ou biens immobiliers sous un angle in\u00e9dit :<\/p>\n\n\n\n<ul class=\"wp-block-list\">\n<li class=\"has-white-color has-text-color has-link-color has-x-small-font-size wp-elements-e5659386c838a768fd5ae2ca8f0e8c3f\" style=\"line-height:1.4\">valorisation de propri\u00e9t\u00e9s<\/li>\n\n\n\n<li class=\"has-white-color has-text-color has-link-color has-x-small-font-size wp-elements-c5e6dec0f196add948d2a6bb05e79190\" style=\"line-height:1.4\">mise en avant de sites touristiques<\/li>\n\n\n\n<li class=\"has-white-color has-text-color has-link-color has-x-small-font-size wp-elements-62db00b218e3d65fbbf62578953409ae\" style=\"line-height:1.4\">communication visuelle<\/li>\n<\/ul>\n<\/div>\n\n\n\n<div style=\"height:20px\" aria-hidden=\"true\" class=\"wp-block-spacer\"><\/div>\n\n\n\n<div class=\"wp-block-group zoom-hover has-global-padding is-layout-constrained wp-block-group-is-layout-constrained\">\n<h4 class=\"wp-block-heading has-text-color has-link-color wp-elements-13059f9ff2991c6a47b1c8115c4fcee8\" style=\"color:#0bb4aa\">\ud83c\udfe1 Prises de vue pour l\u2019immobilier<\/h4>\n\n\n\n<p class=\"has-white-color has-text-color has-link-color has-x-small-font-size wp-elements-57d9402827673073fcfe57ceda8bb4de\">Attirez davantage d\u2019acheteurs ou de locataires gr\u00e2ce \u00e0 des visuels premium :<\/p>\n\n\n\n<ul class=\"wp-block-list\">\n<li class=\"has-white-color has-text-color has-link-color has-x-small-font-size wp-elements-d4e918b32f69f718fffb6a1eb456b8bf\" style=\"line-height:1.4\">photos a\u00e9riennes de maisons, terrains et r\u00e9sidences<\/li>\n\n\n\n<li class=\"has-white-color has-text-color has-link-color has-x-small-font-size wp-elements-4e3639c866a30f5f6dc8bd3387faeaed\" style=\"line-height:1.4\">vid\u00e9os de pr\u00e9sentation<\/li>\n\n\n\n<li class=\"has-white-color has-text-color has-link-color has-x-small-font-size wp-elements-e4949098f18f967873c8fd6df391c803\" style=\"line-height:1.4\">visites immersives ext\u00e9rieures<\/li>\n<\/ul>\n<\/div>\n\n\n\n<div style=\"height:20px\" aria-hidden=\"true\" class=\"wp-block-spacer\"><\/div>\n\n\n\n<div class=\"wp-block-group zoom-hover has-global-padding is-layout-constrained wp-block-group-is-layout-constrained\">\n<h4 class=\"wp-block-heading has-text-color has-link-color wp-elements-6437314d1e6e8fa61dbe4d5ca5c121c7\" style=\"color:#0bb4aa\">\ud83d\udee0\ufe0f Inspections techniques<\/h4>\n\n\n\n<p class=\"has-white-color has-text-color has-link-color has-x-small-font-size wp-elements-d78719682d2c0ae86ce5f65696794ea8\">Optimisez vos contr\u00f4les et gagnez en pr\u00e9cision sans interrompre vos activit\u00e9s :<\/p>\n\n\n\n<ul class=\"wp-block-list\">\n<li class=\"has-white-color has-text-color has-link-color has-x-small-font-size wp-elements-61a3c82146d0fc743d7818efc82a00f4\" style=\"line-height:1.4\">toitures, fa\u00e7ades, ouvrages d\u2019art<\/li>\n\n\n\n<li class=\"has-white-color has-text-color has-link-color has-x-small-font-size wp-elements-afa34591d67f24258bd0e26910e0afe3\" style=\"line-height:1.4\">diagnostics visuels<\/li>\n\n\n\n<li class=\"has-white-color has-text-color has-link-color has-x-small-font-size wp-elements-7649e02f5df7db6b710123f2161eaee4\" style=\"line-height:1.4\">relev\u00e9s photo\/vid\u00e9o haute r\u00e9solution<\/li>\n<\/ul>\n<\/div>\n\n\n\n<div style=\"height:20px\" aria-hidden=\"true\" class=\"wp-block-spacer\"><\/div>\n\n\n\n<div class=\"wp-block-group zoom-hover has-global-padding is-layout-constrained wp-block-group-is-layout-constrained\">\n<h4 class=\"wp-block-heading has-text-color has-link-color wp-elements-24c57c06271de603259b83345b80f4cd\" style=\"color:#0bb4aa\">\ud83d\udd12 S\u00e9curit\u00e9 &amp; Conformit\u00e9<\/h4>\n\n\n\n<p class=\"has-white-color has-text-color has-link-color has-x-small-font-size wp-elements-27c91641315624abc06ccd9bd3122352\">Toutes mes missions sont r\u00e9alis\u00e9es dans le strict respect de la r\u00e9glementation a\u00e9rienne, des zones de survol et des r\u00e8gles de s\u00e9curit\u00e9 impos\u00e9es par la DGAC.<\/p>\n<\/div>\n<\/div>\n<\/div>\n<\/div>\n\n\n\n<div style=\"height:40px\" aria-hidden=\"true\" class=\"wp-block-spacer\"><\/div>\n\n\n\n<div class=\"wp-block-group has-global-padding is-layout-constrained wp-block-group-is-layout-constrained\">\n<div class=\"wp-block-columns is-layout-flex wp-container-core-columns-is-layout-28f84493 wp-block-columns-is-layout-flex\">\n<div class=\"wp-block-column is-layout-flow wp-block-column-is-layout-flow\">\n<figure class=\"wp-block-embed is-type-video is-provider-youtube wp-block-embed-youtube wp-embed-aspect-16-9 wp-has-aspect-ratio\"><div class=\"wp-block-embed__wrapper\">\n<iframe loading=\"lazy\" title=\"SHOWREEL DRONE\" width=\"950\" height=\"534\" src=\"https:\/\/www.youtube.com\/embed\/3UVSc77FbNw?feature=oembed\" frameborder=\"0\" allow=\"accelerometer; autoplay; clipboard-write; encrypted-media; gyroscope; picture-in-picture; web-share\" referrerpolicy=\"strict-origin-when-cross-origin\" allowfullscreen><\/iframe>\n<\/div><\/figure>\n<\/div>\n<\/div>\n<\/div>\n\n\n\n<div style=\"height:100px\" aria-hidden=\"true\" class=\"wp-block-spacer\"><\/div>\n","protected":false},"excerpt":{"rendered":"<p>T\u00e9l\u00e9pilote Professionnel Agr\u00e9\u00e9 DGAC En tant que t\u00e9l\u00e9pilote de drone professionnel agr\u00e9\u00e9 par la DGAC, je r\u00e9alise des prises de vue a\u00e9riennes de haute qualit\u00e9 pour valoriser vos projets et r\u00e9pondre \u00e0 vos besoins techniques ou cr\u00e9atifs.Gr\u00e2ce \u00e0 un mat\u00e9riel performant et \u00e0 une parfaite ma\u00eetrise des r\u00e9glementations a\u00e9riennes, je vous accompagne sur tous types &hellip; <\/p>\n<p class=\"link-more\"><a href=\"https:\/\/laurentiwasiuta-video.com\/?page_id=7431\" class=\"more-link\">Lire la suite de<span class=\"screen-reader-text\">\u00ab\u00a0Drone\u00a0\u00bb<\/span><\/a><\/p>\n","protected":false},"author":1,"featured_media":0,"parent":0,"menu_order":0,"comment_status":"closed","ping_status":"closed","template":"page-templates\/full-width-transparent.php","meta":{"_vp_format_video_url":"","_vp_image_focal_point":[],"footnotes":""},"class_list":["post-7431","page","type-page","status-publish","hentry"],"yoast_head":"<!-- This site is optimized with the Yoast SEO plugin v27.6 - https:\/\/yoast.com\/product\/yoast-seo-wordpress\/ -->\n<title>Drone | Laurent IWASIUTA<\/title>\n<meta name=\"description\" content=\"Entrepreneur photographe, vid\u00e9aste et t\u00e9l\u00e9pilote de drone pro, je m\u2019occupe de votre communication audiovisuelle en cr\u00e9ant des contenus pertinents afin de mettre en valeur votre entreprise, votre marque, votre projet, votre \u00e9v\u00e9nement\u2026\" \/>\n<meta name=\"robots\" content=\"index, follow, max-snippet:-1, max-image-preview:large, max-video-preview:-1\" \/>\n<link rel=\"canonical\" href=\"https:\/\/laurentiwasiuta-video.com\/?page_id=7431\" \/>\n<meta property=\"og:locale\" content=\"fr_FR\" \/>\n<meta property=\"og:type\" content=\"article\" \/>\n<meta property=\"og:title\" content=\"Drone | Laurent IWASIUTA\" \/>\n<meta property=\"og:description\" content=\"Entrepreneur photographe, vid\u00e9aste et t\u00e9l\u00e9pilote de drone pro, je m\u2019occupe de votre communication audiovisuelle en cr\u00e9ant des contenus pertinents afin de mettre en valeur votre entreprise, votre marque, votre projet, votre \u00e9v\u00e9nement\u2026\" \/>\n<meta property=\"og:url\" content=\"https:\/\/laurentiwasiuta-video.com\/?page_id=7431\" \/>\n<meta property=\"og:site_name\" content=\"Laurent IWASIUTA\" \/>\n<meta property=\"article:publisher\" content=\"https:\/\/www.facebook.com\/LaurentIWASIUTAVideaste\/\" \/>\n<meta property=\"article:modified_time\" content=\"2025-12-08T11:38:42+00:00\" \/>\n<meta property=\"og:image\" content=\"https:\/\/laurentiwasiuta-video.com\/wp-content\/uploads\/2025\/11\/fyW9OYOe-bzTSrpH8-DJI-Mavic-3-Car-Drifting-09.jpg\" \/>\n\t<meta property=\"og:image:width\" content=\"1400\" \/>\n\t<meta property=\"og:image:height\" content=\"788\" \/>\n\t<meta property=\"og:image:type\" content=\"image\/jpeg\" \/>\n<meta name=\"twitter:card\" content=\"summary_large_image\" \/>\n<meta name=\"twitter:label1\" content=\"Dur\u00e9e de lecture estim\u00e9e\" \/>\n\t<meta name=\"twitter:data1\" content=\"1 minute\" \/>\n<script type=\"application\/ld+json\" class=\"yoast-schema-graph\">{\"@context\":\"https:\\\/\\\/schema.org\",\"@graph\":[{\"@type\":\"WebPage\",\"@id\":\"https:\\\/\\\/laurentiwasiuta-video.com\\\/?page_id=7431\",\"url\":\"https:\\\/\\\/laurentiwasiuta-video.com\\\/?page_id=7431\",\"name\":\"Drone | Laurent IWASIUTA\",\"isPartOf\":{\"@id\":\"https:\\\/\\\/laurentiwasiuta-video.com\\\/#website\"},\"primaryImageOfPage\":{\"@id\":\"https:\\\/\\\/laurentiwasiuta-video.com\\\/?page_id=7431#primaryimage\"},\"image\":{\"@id\":\"https:\\\/\\\/laurentiwasiuta-video.com\\\/?page_id=7431#primaryimage\"},\"thumbnailUrl\":\"https:\\\/\\\/laurentiwasiuta-video.com\\\/wp-content\\\/uploads\\\/2025\\\/11\\\/fyW9OYOe-bzTSrpH8-DJI-Mavic-3-Car-Drifting-09-1024x576.jpg\",\"datePublished\":\"2025-11-28T16:21:08+00:00\",\"dateModified\":\"2025-12-08T11:38:42+00:00\",\"description\":\"Entrepreneur photographe, vid\u00e9aste et t\u00e9l\u00e9pilote de drone pro, je m\u2019occupe de votre communication audiovisuelle en cr\u00e9ant des contenus pertinents afin de mettre en valeur votre entreprise, votre marque, votre projet, votre \u00e9v\u00e9nement\u2026\",\"breadcrumb\":{\"@id\":\"https:\\\/\\\/laurentiwasiuta-video.com\\\/?page_id=7431#breadcrumb\"},\"inLanguage\":\"fr-FR\",\"potentialAction\":[{\"@type\":\"ReadAction\",\"target\":[\"https:\\\/\\\/laurentiwasiuta-video.com\\\/?page_id=7431\"]}]},{\"@type\":\"ImageObject\",\"inLanguage\":\"fr-FR\",\"@id\":\"https:\\\/\\\/laurentiwasiuta-video.com\\\/?page_id=7431#primaryimage\",\"url\":\"https:\\\/\\\/laurentiwasiuta-video.com\\\/wp-content\\\/uploads\\\/2025\\\/11\\\/fyW9OYOe-bzTSrpH8-DJI-Mavic-3-Car-Drifting-09.jpg\",\"contentUrl\":\"https:\\\/\\\/laurentiwasiuta-video.com\\\/wp-content\\\/uploads\\\/2025\\\/11\\\/fyW9OYOe-bzTSrpH8-DJI-Mavic-3-Car-Drifting-09.jpg\",\"width\":1400,\"height\":788},{\"@type\":\"BreadcrumbList\",\"@id\":\"https:\\\/\\\/laurentiwasiuta-video.com\\\/?page_id=7431#breadcrumb\",\"itemListElement\":[{\"@type\":\"ListItem\",\"position\":1,\"name\":\"Accueil\",\"item\":\"https:\\\/\\\/laurentiwasiuta-video.com\\\/\"},{\"@type\":\"ListItem\",\"position\":2,\"name\":\"Drone\"}]},{\"@type\":\"WebSite\",\"@id\":\"https:\\\/\\\/laurentiwasiuta-video.com\\\/#website\",\"url\":\"https:\\\/\\\/laurentiwasiuta-video.com\\\/\",\"name\":\"Laurent IWASIUTA\uff5cPhotographe, vid\u00e9aste, t\u00e9l\u00e9pilote de drone\uff5cLille, Paris et autres..\",\"description\":\"Photographe, vid\u00e9aste, t\u00e9l\u00e9pilote de drone\uff5cLille, Paris et autres..\",\"publisher\":{\"@id\":\"https:\\\/\\\/laurentiwasiuta-video.com\\\/#organization\"},\"alternateName\":\"Laurent IWASIUTA - Photographe & Vid\u00e9aste \u00e0 Lille\",\"potentialAction\":[{\"@type\":\"SearchAction\",\"target\":{\"@type\":\"EntryPoint\",\"urlTemplate\":\"https:\\\/\\\/laurentiwasiuta-video.com\\\/?s={search_term_string}\"},\"query-input\":{\"@type\":\"PropertyValueSpecification\",\"valueRequired\":true,\"valueName\":\"search_term_string\"}}],\"inLanguage\":\"fr-FR\"},{\"@type\":\"Organization\",\"@id\":\"https:\\\/\\\/laurentiwasiuta-video.com\\\/#organization\",\"name\":\"Laurent IWASIUTA\",\"url\":\"https:\\\/\\\/laurentiwasiuta-video.com\\\/\",\"logo\":{\"@type\":\"ImageObject\",\"inLanguage\":\"fr-FR\",\"@id\":\"https:\\\/\\\/laurentiwasiuta-video.com\\\/#\\\/schema\\\/logo\\\/image\\\/\",\"url\":\"https:\\\/\\\/laurentiwasiuta-video.com\\\/wp-content\\\/uploads\\\/2020\\\/05\\\/logo.png\",\"contentUrl\":\"https:\\\/\\\/laurentiwasiuta-video.com\\\/wp-content\\\/uploads\\\/2020\\\/05\\\/logo.png\",\"width\":1000,\"height\":292,\"caption\":\"Laurent IWASIUTA\"},\"image\":{\"@id\":\"https:\\\/\\\/laurentiwasiuta-video.com\\\/#\\\/schema\\\/logo\\\/image\\\/\"},\"sameAs\":[\"https:\\\/\\\/www.facebook.com\\\/LaurentIWASIUTAVideaste\\\/\",\"https:\\\/\\\/www.instagram.com\\\/laurent.iwasiuta.video\\\/\",\"https:\\\/\\\/www.linkedin.com\\\/in\\\/laurent-iwasiuta-videaste\\\/\"]}]}<\/script>\n<!-- \/ Yoast SEO plugin. -->","yoast_head_json":{"title":"Drone | Laurent IWASIUTA","description":"Entrepreneur photographe, vid\u00e9aste et t\u00e9l\u00e9pilote de drone pro, je m\u2019occupe de votre communication audiovisuelle en cr\u00e9ant des contenus pertinents afin de mettre en valeur votre entreprise, votre marque, votre projet, votre \u00e9v\u00e9nement\u2026","robots":{"index":"index","follow":"follow","max-snippet":"max-snippet:-1","max-image-preview":"max-image-preview:large","max-video-preview":"max-video-preview:-1"},"canonical":"https:\/\/laurentiwasiuta-video.com\/?page_id=7431","og_locale":"fr_FR","og_type":"article","og_title":"Drone | Laurent IWASIUTA","og_description":"Entrepreneur photographe, vid\u00e9aste et t\u00e9l\u00e9pilote de drone pro, je m\u2019occupe de votre communication audiovisuelle en cr\u00e9ant des contenus pertinents afin de mettre en valeur votre entreprise, votre marque, votre projet, votre \u00e9v\u00e9nement\u2026","og_url":"https:\/\/laurentiwasiuta-video.com\/?page_id=7431","og_site_name":"Laurent IWASIUTA","article_publisher":"https:\/\/www.facebook.com\/LaurentIWASIUTAVideaste\/","article_modified_time":"2025-12-08T11:38:42+00:00","og_image":[{"width":1400,"height":788,"url":"https:\/\/laurentiwasiuta-video.com\/wp-content\/uploads\/2025\/11\/fyW9OYOe-bzTSrpH8-DJI-Mavic-3-Car-Drifting-09.jpg","type":"image\/jpeg"}],"twitter_card":"summary_large_image","twitter_misc":{"Dur\u00e9e de lecture estim\u00e9e":"1 minute"},"schema":{"@context":"https:\/\/schema.org","@graph":[{"@type":"WebPage","@id":"https:\/\/laurentiwasiuta-video.com\/?page_id=7431","url":"https:\/\/laurentiwasiuta-video.com\/?page_id=7431","name":"Drone | Laurent IWASIUTA","isPartOf":{"@id":"https:\/\/laurentiwasiuta-video.com\/#website"},"primaryImageOfPage":{"@id":"https:\/\/laurentiwasiuta-video.com\/?page_id=7431#primaryimage"},"image":{"@id":"https:\/\/laurentiwasiuta-video.com\/?page_id=7431#primaryimage"},"thumbnailUrl":"https:\/\/laurentiwasiuta-video.com\/wp-content\/uploads\/2025\/11\/fyW9OYOe-bzTSrpH8-DJI-Mavic-3-Car-Drifting-09-1024x576.jpg","datePublished":"2025-11-28T16:21:08+00:00","dateModified":"2025-12-08T11:38:42+00:00","description":"Entrepreneur photographe, vid\u00e9aste et t\u00e9l\u00e9pilote de drone pro, je m\u2019occupe de votre communication audiovisuelle en cr\u00e9ant des contenus pertinents afin de mettre en valeur votre entreprise, votre marque, votre projet, votre \u00e9v\u00e9nement\u2026","breadcrumb":{"@id":"https:\/\/laurentiwasiuta-video.com\/?page_id=7431#breadcrumb"},"inLanguage":"fr-FR","potentialAction":[{"@type":"ReadAction","target":["https:\/\/laurentiwasiuta-video.com\/?page_id=7431"]}]},{"@type":"ImageObject","inLanguage":"fr-FR","@id":"https:\/\/laurentiwasiuta-video.com\/?page_id=7431#primaryimage","url":"https:\/\/laurentiwasiuta-video.com\/wp-content\/uploads\/2025\/11\/fyW9OYOe-bzTSrpH8-DJI-Mavic-3-Car-Drifting-09.jpg","contentUrl":"https:\/\/laurentiwasiuta-video.com\/wp-content\/uploads\/2025\/11\/fyW9OYOe-bzTSrpH8-DJI-Mavic-3-Car-Drifting-09.jpg","width":1400,"height":788},{"@type":"BreadcrumbList","@id":"https:\/\/laurentiwasiuta-video.com\/?page_id=7431#breadcrumb","itemListElement":[{"@type":"ListItem","position":1,"name":"Accueil","item":"https:\/\/laurentiwasiuta-video.com\/"},{"@type":"ListItem","position":2,"name":"Drone"}]},{"@type":"WebSite","@id":"https:\/\/laurentiwasiuta-video.com\/#website","url":"https:\/\/laurentiwasiuta-video.com\/","name":"Laurent IWASIUTA\uff5cPhotographe, vid\u00e9aste, t\u00e9l\u00e9pilote de drone\uff5cLille, Paris et autres..","description":"Photographe, vid\u00e9aste, t\u00e9l\u00e9pilote de drone\uff5cLille, Paris et autres..","publisher":{"@id":"https:\/\/laurentiwasiuta-video.com\/#organization"},"alternateName":"Laurent IWASIUTA - Photographe & Vid\u00e9aste \u00e0 Lille","potentialAction":[{"@type":"SearchAction","target":{"@type":"EntryPoint","urlTemplate":"https:\/\/laurentiwasiuta-video.com\/?s={search_term_string}"},"query-input":{"@type":"PropertyValueSpecification","valueRequired":true,"valueName":"search_term_string"}}],"inLanguage":"fr-FR"},{"@type":"Organization","@id":"https:\/\/laurentiwasiuta-video.com\/#organization","name":"Laurent IWASIUTA","url":"https:\/\/laurentiwasiuta-video.com\/","logo":{"@type":"ImageObject","inLanguage":"fr-FR","@id":"https:\/\/laurentiwasiuta-video.com\/#\/schema\/logo\/image\/","url":"https:\/\/laurentiwasiuta-video.com\/wp-content\/uploads\/2020\/05\/logo.png","contentUrl":"https:\/\/laurentiwasiuta-video.com\/wp-content\/uploads\/2020\/05\/logo.png","width":1000,"height":292,"caption":"Laurent IWASIUTA"},"image":{"@id":"https:\/\/laurentiwasiuta-video.com\/#\/schema\/logo\/image\/"},"sameAs":["https:\/\/www.facebook.com\/LaurentIWASIUTAVideaste\/","https:\/\/www.instagram.com\/laurent.iwasiuta.video\/","https:\/\/www.linkedin.com\/in\/laurent-iwasiuta-videaste\/"]}]}},"featured_media_urls":[],"_links":{"self":[{"href":"https:\/\/laurentiwasiuta-video.com\/index.php?rest_route=\/wp\/v2\/pages\/7431","targetHints":{"allow":["GET"]}}],"collection":[{"href":"https:\/\/laurentiwasiuta-video.com\/index.php?rest_route=\/wp\/v2\/pages"}],"about":[{"href":"https:\/\/laurentiwasiuta-video.com\/index.php?rest_route=\/wp\/v2\/types\/page"}],"author":[{"embeddable":true,"href":"https:\/\/laurentiwasiuta-video.com\/index.php?rest_route=\/wp\/v2\/users\/1"}],"replies":[{"embeddable":true,"href":"https:\/\/laurentiwasiuta-video.com\/index.php?rest_route=%2Fwp%2Fv2%2Fcomments&post=7431"}],"version-history":[{"count":54,"href":"https:\/\/laurentiwasiuta-video.com\/index.php?rest_route=\/wp\/v2\/pages\/7431\/revisions"}],"predecessor-version":[{"id":8090,"href":"https:\/\/laurentiwasiuta-video.com\/index.php?rest_route=\/wp\/v2\/pages\/7431\/revisions\/8090"}],"wp:attachment":[{"href":"https:\/\/laurentiwasiuta-video.com\/index.php?rest_route=%2Fwp%2Fv2%2Fmedia&parent=7431"}],"curies":[{"name":"wp","href":"https:\/\/api.w.org\/{rel}","templated":true}]}}